{"id":265191,"date":"2026-05-04T15:32:59","date_gmt":"2026-05-04T15:32:59","guid":{"rendered":"http:\/\/taixiumd5.lol\/?page_id=265191"},"modified":"2026-05-04T15:32:59","modified_gmt":"2026-05-04T15:32:59","slug":"care-sunt-efectele-secundare-comune-ale-propecia-generic","status":"publish","type":"page","link":"http:\/\/taixiumd5.lol\/index.php\/care-sunt-efectele-secundare-comune-ale-propecia-generic\/","title":{"rendered":"Care sunt efectele secundare comune ale Propecia Generic?"},"content":{"rendered":"<h1>\u00centreb\u0103ri frecvente generice Propecia: primele 10 \u00eentreb\u0103ri la care s-a r\u0103spuns<\/h1>\n<p>Acest articol abordeaz\u0103 cele mai frecvente \u00eentreb\u0103ri cu privire la Propecia Generic, inclusiv eficacitatea, utilizarea, efectele secundare \u0219i multe altele.<\/p>\n<h2>Ce este Propecia Generic \u0219i cum func\u021bioneaz\u0103?<\/h2>\n<p>Propecia Generic este un medicament folosit pentru a trata chelie masculin\u0103, o afec\u021biune comun\u0103 care afecteaz\u0103 o parte semnificativ\u0103 a popula\u021biei masculine. Ingredientul activ din Propecia Generic este finasterida, care ac\u021bioneaz\u0103 prin prevenirea conversiei testosteronului \u00een dihidrotestosteron (DHT). DHT este un hormon legat de c\u0103derea p\u0103rului, iar prin reducerea nivelurilor sale, finasterida ajut\u0103 la cre\u0219terea cre\u0219terii p\u0103rului \u0219i la \u00eencetinirea c\u0103derii p\u0103rului.<\/p>\n<p>Mecanismul de ac\u021biune implic\u0103 inhibarea enzimei 5-alfa-reductaza. Aceast\u0103 enzim\u0103 este responsabil\u0103 pentru transformarea testosteronului \u00een DHT. Prin blocarea acestei conversii, finasterida reduce eficient nivelurile de DHT din scalp, promov\u00e2nd astfel recre\u0219terea p\u0103rului \u0219i prevenind c\u0103derea \u00een continuare a p\u0103rului.<\/p>\n<h2>Propecia Generic este la fel de eficient ca \u0219i versiunea de marc\u0103?<\/h2>\n<p>Propecia Generic este considerat a fi la fel de eficient ca \u0219i versiunea de marc\u0103, Propecia, deoarece con\u021bin acela\u0219i ingredient activ, finasterid, \u00een aceea\u0219i doz\u0103. Eficacitatea versiunii generice este sus\u021binut\u0103 de numeroase studii \u0219i studii clinice care demonstreaz\u0103 rezultate similare \u00een ceea ce prive\u0219te cre\u0219terea p\u0103rului \u0219i \u00eencetinirea c\u0103derii p\u0103rului.<\/p>\n<p>\u00cen timp ce ingredientul activ \u0219i concentra\u021bia acestuia r\u0103m\u00e2n acelea\u0219i, unele persoane pot observa diferen\u021be \u00een ingredientele inactive sau \u00een formulare, care ar putea afecta toleran\u021ba personal\u0103 sau preferin\u021bele minore. Cu toate acestea, aceste diferen\u021be nu afecteaz\u0103 \u00een general eficacitatea medicamentului.<\/p>\n<h2>Care sunt efectele secundare comune ale Propecia Generic?<\/h2>\n<p>Ca orice medicament, Propecia Generic poate provoca reac\u021bii adverse. Cele mai frecvente efecte secundare raportate includ sc\u0103derea libidoului, disfunc\u021bia erectil\u0103 \u0219i tulbur\u0103rile de ejaculare. Aceste efecte secundare sunt de obicei u\u0219oare \u0219i se pot \u00eembun\u0103t\u0103\u021bi pe m\u0103sur\u0103 ce organismul se adapteaz\u0103 la medicamente.<\/p>\n<p>\u00cen unele cazuri, utilizatorii pot prezenta reac\u021bii adverse mai pu\u021bin frecvente, cum ar fi sensibilitate sau m\u0103rire a s\u00e2nilor, depresie sau reac\u021bii alergice. Dac\u0103 orice reac\u021bii adverse persist\u0103 sau se agraveaz\u0103, este important s\u0103 consulta\u021bi un furnizor de asisten\u021b\u0103 medical\u0103 pentru a evalua dac\u0103 este recomandabil\u0103 continuarea tratamentului.<\/p>\n<h2>Cum trebuie luat Propecia Generic pentru cele mai bune rezultate?<\/h2>\n<p>Pentru rezultate optime, Propecia Generic trebuie <a href=\"https:\/\/incredere-farmacie.org\/propecia-generic-online-fara-reteta\">Comand\u0103 Propecia Generic 1mg<\/a> luat o dat\u0103 pe zi, cu sau f\u0103r\u0103 alimente. Este important s\u0103 lua\u021bi medicamentul la aceea\u0219i or\u0103 \u00een fiecare zi pentru a men\u021bine niveluri constante ale ingredientului activ \u00een organism. Dozele lips\u0103 pot reduce eficacitatea tratamentului.<\/p>\n<p>Poate dura c\u00e2teva luni pentru a observa \u00eembun\u0103t\u0103\u021biri vizibile \u00een cre\u0219terea p\u0103rului, a\u0219a c\u0103 este esen\u021bial s\u0103 r\u0103m\u00e2ne\u021bi r\u0103bd\u0103tori \u0219i consecven\u021bi cu regimul de tratament. \u00centreruperea medicamentului va duce probabil la inversarea efectelor acestuia \u00een decurs de 12 luni, deoarece nivelurile de DHT revin la starea de dinaintea tratamentului.<\/p>\n<h2>Femeile pot folosi Propecia Generic pentru tratamentul caderii parului?<\/h2>\n<p>Propecia Generic nu este recomandat pentru utilizare de c\u0103tre femei, \u00een special celor care sunt \u00eens\u0103rcinate sau pot r\u0103m\u00e2ne \u00eens\u0103rcinate. Finasterida poate provoca malforma\u021bii congenitale la fetu\u0219ii de sex masculin, ceea ce face crucial ca femeile s\u0103 evite manipularea comprimatelor zdrobite sau sparte.<\/p>\n<p>\u00cen timp ce unele studii au explorat utilizarea finasteridei la femeile aflate \u00een postmenopauz\u0103, rezultatele au fost inconsecvente, iar tratamentul nu este aprobat pentru aceast\u0103 categorie demografic\u0103. Femeile care se confrunt\u0103 cu c\u0103derea p\u0103rului ar trebui s\u0103 se consulte cu un furnizor de asisten\u021b\u0103 medical\u0103 pentru a explora alte op\u021biuni aprobate din punct de vedere medical.<\/p>\n<h2>Ce ar trebui s\u0103 fac dac\u0103 omit o doz\u0103 de Propecia Generic?<\/h2>\n<p>Dac\u0103 omite\u021bi o doz\u0103 de Propecia Generic, lua\u021bi-o imediat ce v\u0103 aminti\u021bi. Cu toate acestea, dac\u0103 este aproape timpul pentru urm\u0103toarea doz\u0103, s\u0103ri\u021bi peste doza omis\u0103 \u0219i relua\u021bi programul de dozare obi\u0219nuit. Nu lua\u021bi dou\u0103 doze deodat\u0103 pentru a compensa doza omis\u0103.<\/p>\n<p>Men\u021binerea unui program regulat de dozare este important\u0103 pentru a ob\u021bine cele mai bune rezultate, a\u0219a c\u0103 lua\u021bi \u00een considerare setarea de mementouri sau utilizarea unui organizator de pastile pentru a v\u0103 ajuta s\u0103 \u021bine\u021bi eviden\u021ba medicamentelor.<\/p>\n<h2>Exist\u0103 vreo interac\u021biune medicamentoas\u0103 cunoscut\u0103 cu Propecia Generic?<\/h2>\n<p>Propecia Generic este \u00een general considerat sigur cu majoritatea medicamentelor, dar este important s\u0103 v\u0103 informa\u021bi furnizorul de asisten\u021b\u0103 medical\u0103 despre toate medicamentele pe care le lua\u021bi, inclusiv suplimentele pe baz\u0103 de re\u021bet\u0103, f\u0103r\u0103 prescrip\u021bie medical\u0103 \u0219i pe baz\u0103 de plante. Acest lucru asigur\u0103 c\u0103 poten\u021bialele interac\u021biuni sunt luate \u00een considerare \u0219i gestionate.<\/p>\n<p>De\u0219i nu au fost raportate pe scar\u0103 larg\u0103 interac\u021biuni semnificative cu medicamentele, pot ap\u0103rea varia\u021bii individuale \u00een r\u0103spunsul la medicamente. Monitorizarea oric\u0103ror simptome neobi\u0219nuite atunci c\u00e2nd \u00eencepe\u021bi un nou medicament \u00eempreun\u0103 cu finasterid\u0103 este recomandabil\u0103 \u0219i orice nel\u0103murire trebuie discutat\u0103 cu un profesionist din domeniul s\u0103n\u0103t\u0103\u021bii.<\/p>\n<h2>C\u00e2t timp dureaz\u0103 pentru a vedea rezultatele cu Propecia Generic?<\/h2>\n<p>Rezultatele de la Propecia Generic pot varia de la o persoan\u0103 la alta. \u00cen general, utilizatorii pot \u00eencepe s\u0103 vad\u0103 \u00eembun\u0103t\u0103\u021biri ale cre\u0219terii p\u0103rului \u00een decurs de trei p\u00e2n\u0103 la \u0219ase luni de la utilizare constant\u0103. Cu toate acestea, cele mai vizibile rezultate sunt adesea observate dup\u0103 un an \u00eentreg de tratament.<\/p>\n<p>Gradul de \u00eembun\u0103t\u0103\u021bire poate depinde de mai mul\u021bi factori, inclusiv de amploarea c\u0103derii p\u0103rului \u00eenainte de tratament \u0219i de r\u0103spunsul individual la medicament. R\u0103bdarea \u0219i aderarea la regimul zilnic sunt cheia pentru ob\u021binerea rezultatelor dorite.<\/p>\n<h2>Este necesar\u0103 o re\u021bet\u0103 pentru Propecia Generic?<\/h2>\n<p>Da, este necesar\u0103 o re\u021bet\u0103 pentru a ob\u021bine Propecia Generic. Aceast\u0103 necesitate asigur\u0103 c\u0103 medicamentul este utilizat \u00een mod corespunz\u0103tor \u0219i sub supraveghere medical\u0103, ceea ce este crucial pentru gestionarea poten\u021bialelor efecte secundare \u0219i evaluarea adecv\u0103rii tratamentului pentru individ.<\/p>\n<p>Consultarea cu un furnizor de asisten\u021b\u0103 medical\u0103 este esen\u021bial\u0103 pentru a determina dac\u0103 finasterida este op\u021biunea potrivit\u0103 pentru gestionarea c\u0103derii p\u0103rului, precum \u0219i pentru a discuta orice riscuri poten\u021biale sau contraindica\u021bii bazate pe istoricul medical \u0219i condi\u021biile actuale de s\u0103n\u0103tate.<\/p>\n<h2>Care sunt instruc\u021biunile de p\u0103strare pentru Propecia Generic?<\/h2>\n<p>Propecia Generic trebuie p\u0103strat la temperatura camerei, ferit de umiditate \u0219i c\u0103ldur\u0103. P\u0103strarea medicamentului \u00een ambalajul original ajut\u0103 la protejarea acestuia de factorii de mediu care i-ar putea afecta stabilitatea \u0219i eficacitatea.<\/p>\n<p>De asemenea, este important s\u0103 nu l\u0103sa\u021bi medicamentul la \u00eendem\u00e2na copiilor \u0219i a animalelor de companie. Dac\u0103 ave\u021bi comprimate expirate sau neutilizate, consulta\u021bi-v\u0103 cu un farmacist sau cu o companie local\u0103 de eliminare a de\u0219eurilor pentru op\u021biuni de eliminare \u00een siguran\u021b\u0103 pentru a preveni ingerarea accidental\u0103.<\/p>\n<h2>Cum se compar\u0103 Propecia Generic ca cost cu versiunea de marc\u0103?<\/h2>\n<p>Propecia Generic este \u00een general mai accesibil dec\u00e2t versiunea de marc\u0103, Propecia. Costul redus se datoreaz\u0103 absen\u021bei cheltuielilor de marketing de marc\u0103 \u0219i concuren\u021bei dintre produc\u0103torii care produc versiunea generic\u0103. Acest lucru \u00eel face o op\u021biune rentabil\u0103 pentru multe persoane care caut\u0103 tratament pentru c\u0103derea p\u0103rului.<\/p>\n<p>\u00cen timp ce diferen\u021ba de pre\u021b poate varia \u00een func\u021bie de farmacie \u0219i loca\u021bia geografic\u0103, disponibilitatea Propecia Generic permite mai multor persoane s\u0103 acceseze acest tratament f\u0103r\u0103 povara financiar\u0103 asociat\u0103 adesea cu medicamentele de marc\u0103. Compara\u021bi \u00eentotdeauna pre\u021burile din diferite surse pentru a g\u0103si cea mai economic\u0103 op\u021biune.<\/p>\n","protected":false},"excerpt":{"rendered":"<p>\u00centreb\u0103ri frecvente generice Propecia: primele 10 \u00eentreb\u0103ri la care s-a r\u0103spuns Acest articol abordeaz\u0103 cele mai frecvente \u00eentreb\u0103ri cu privire la Propecia Generic, inclusiv eficacitatea, utilizarea, efectele secundare \u0219i multe altele. Ce este Propecia Generic \u0219i cum func\u021bioneaz\u0103? Propecia Generic este un medicament folosit pentru a trata chelie masculin\u0103, o afec\u021biune comun\u0103 care afecteaz\u0103 o [&hellip;]<\/p>\n","protected":false},"author":1,"featured_media":0,"parent":0,"menu_order":0,"comment_status":"closed","ping_status":"closed","template":"","meta":{"footnotes":""},"class_list":["post-265191","page","type-page","status-publish","hentry"],"_links":{"self":[{"href":"http:\/\/taixiumd5.lol\/index.php\/wp-json\/wp\/v2\/pages\/265191","targetHints":{"allow":["GET"]}}],"collection":[{"href":"http:\/\/taixiumd5.lol\/index.php\/wp-json\/wp\/v2\/pages"}],"about":[{"href":"http:\/\/taixiumd5.lol\/index.php\/wp-json\/wp\/v2\/types\/page"}],"author":[{"embeddable":true,"href":"http:\/\/taixiumd5.lol\/index.php\/wp-json\/wp\/v2\/users\/1"}],"replies":[{"embeddable":true,"href":"http:\/\/taixiumd5.lol\/index.php\/wp-json\/wp\/v2\/comments?post=265191"}],"version-history":[{"count":1,"href":"http:\/\/taixiumd5.lol\/index.php\/wp-json\/wp\/v2\/pages\/265191\/revisions"}],"predecessor-version":[{"id":265192,"href":"http:\/\/taixiumd5.lol\/index.php\/wp-json\/wp\/v2\/pages\/265191\/revisions\/265192"}],"wp:attachment":[{"href":"http:\/\/taixiumd5.lol\/index.php\/wp-json\/wp\/v2\/media?parent=265191"}],"curies":[{"name":"wp","href":"https:\/\/api.w.org\/{rel}","templated":true}]}}