{"id":265519,"date":"2026-05-04T15:56:39","date_gmt":"2026-05-04T15:56:39","guid":{"rendered":"http:\/\/taixiumd5.lol\/?page_id=265519"},"modified":"2026-05-04T15:56:39","modified_gmt":"2026-05-04T15:56:39","slug":"etkezesi-szempontok-a-lovegra-hasznalatakor","status":"publish","type":"page","link":"http:\/\/taixiumd5.lol\/index.php\/etkezesi-szempontok-a-lovegra-hasznalatakor\/","title":{"rendered":"\u00c9tkez\u00e9si szempontok a Lovegra haszn\u00e1latakor"},"content":{"rendered":"<h1>H\u00e9tv\u00e9gi tervez\u00e9s Lovegr\u00e1val: id\u0151z\u00edt\u00e9s, \u00e9tkez\u00e9s \u00e9s alkohol<\/h1>\n<p>A Lovegra egy h\u00e9tv\u00e9gi haszn\u00e1lat\u00e1nak \u00e1rnyalatainak felfedez\u00e9se, bele\u00e9rtve a d\u00f6nt\u0151 id\u0151z\u00edt\u00e9st, az \u00e9tkez\u00e9sek p\u00e1ros\u00edt\u00e1s\u00e1t \u00e9s az alkohol hat\u00e1sait.<\/p>\n<h2>A Lovegra \u00e9s haszn\u00e1lat\u00e1nak meg\u00e9rt\u00e9se<\/h2>\n<p>Lovegra, amelyet gyakran a &quot;n\u0151i Viagra,&quot; egy olyan gy\u00f3gyszer, amelyet a n\u0151k szexu\u00e1lis izgalm\u00e1nak fokoz\u00e1s\u00e1ra terveztek. Hat\u00f3anyaga, a szildenafil-citr\u00e1t ugyanaz a vegy\u00fclet, amely a Viagr\u00e1ban tal\u00e1lhat\u00f3, amelyet els\u0151sorban f\u00e9rfiak mereved\u00e9si zavarainak kezel\u00e9s\u00e9re haszn\u00e1lnak. A Lovegra \u00fagy fejti ki hat\u00e1s\u00e1t, hogy fokozza a v\u00e9r\u00e1raml\u00e1st a nemi szervek ter\u00fclet\u00e9n, ez\u00e1ltal fokozza a szexu\u00e1lis \u00e9rz\u00e9kenys\u00e9get \u00e9s izgalmat. Fontos meg\u00e9rteni a rendeltet\u00e9s\u00e9t: a Lovegra nem afrodizi\u00e1kum, ink\u00e1bb seg\u00edt a fizikai felk\u00e9sz\u00fclts\u00e9gben, amikor a szexu\u00e1lis v\u00e1gy m\u00e1r jelen van.<\/p>\n<p>A Lovegr\u00e1t eredetileg a n\u0151k bizonyos szexu\u00e1lis m\u0171k\u00f6d\u00e9si zavarainak kezel\u00e9s\u00e9re fejlesztett\u00e9k ki, \u00e9s gyakran gondolj\u00e1k a szexu\u00e1lis \u00e9lm\u00e9nyeik jav\u00edt\u00e1s\u00e1ra t\u00f6rekv\u0151k. B\u00e1r nem \u00e1ltal\u00e1nosan \u00edrj\u00e1k fel, sok n\u0151 hasznosnak tal\u00e1lja a rossz ken\u00e9ssel \u00e9s szexu\u00e1lis reakci\u00f3kkal kapcsolatos probl\u00e9m\u00e1k lek\u00fczd\u00e9s\u00e9ben. Speci\u00e1lis jelleg\u00e9b\u0151l ad\u00f3d\u00f3an a biztons\u00e1g \u00e9s a hat\u00e9konys\u00e1g \u00e9rdek\u00e9ben elengedhetetlen, hogy haszn\u00e1lat el\u0151tt konzult\u00e1ljon egy eg\u00e9szs\u00e9g\u00fcgyi szakemberrel.<\/p>\n<h2>Ide\u00e1lis id\u0151z\u00edt\u00e9s Lovegra szed\u00e9s\u00e9hez<\/h2>\n<p>Az id\u0151z\u00edt\u00e9s kritikus szerepet j\u00e1tszik a Lovegra hat\u00e9konys\u00e1g\u00e1ban. Az optim\u00e1lis eredm\u00e9ny el\u00e9r\u00e9se \u00e9rdek\u00e9ben a gy\u00f3gyszert a szexu\u00e1lis tev\u00e9kenys\u00e9g megkezd\u00e9se el\u0151tt k\u00f6r\u00fclbel\u00fcl 30 perct\u0151l egy \u00f3r\u00e1ig javasolt bevenni. Ez elegend\u0151 id\u0151t biztos\u00edt a gy\u00f3gyszer hat\u00e1s\u00e1nak kifejt\u00e9s\u00e9re, biztos\u00edtva, hogy a fokozott szexu\u00e1lis \u00e9lm\u00e9nyhez sz\u00fcks\u00e9ges fiziol\u00f3giai v\u00e1ltoz\u00e1sok el\u0151k\u00e9sz\u00fcljenek \u00e9s k\u00e9szen \u00e1lljanak.<\/p>\n<p>Fontos megjegyezni, hogy az egy\u00e9ni v\u00e1laszok elt\u00e9r\u0151ek lehetnek, \u00e9s egyesek a hat\u00e1sokat el\u0151bb-ut\u00f3bb tapasztalhatj\u00e1k, mint az \u00e1ltal\u00e1nos id\u0151keret. A biztons\u00e1gos id\u0151intervallumon bel\u00fcli k\u00eds\u00e9rletez\u00e9s seg\u00edthet meghat\u00e1rozni a szem\u00e9lyes haszn\u00e1lat leghat\u00e9konyabb id\u0151pontj\u00e1t. Ezen t\u00falmen\u0151en az id\u0151z\u00edt\u00e9s k\u00f6r\u00fcli tervez\u00e9s seg\u00edthet mindk\u00e9t partner elv\u00e1r\u00e1sainak szinkroniz\u00e1l\u00e1s\u00e1ban, \u00e9s maximaliz\u00e1lhatja a h\u00e9tv\u00e9ge romantikus lehet\u0151s\u00e9geit.<\/p>\n<h2>\u00c9tkez\u00e9si szempontok a Lovegra haszn\u00e1latakor<\/h2>\n<p>A Lovegra szed\u00e9s\u00e9nek tervez\u00e9sekor gondosan m\u00e9rlegelni kell az \u00e9tkez\u00e9sek idej\u00e9t \u00e9s tartalm\u00e1t. A neh\u00e9z, zs\u00edros \u00e9tkez\u00e9s k\u00e9sleltetheti a gy\u00f3gyszer felsz\u00edv\u00f3d\u00e1s\u00e1t, potenci\u00e1lisan cs\u00f6kkentve annak hat\u00e9konys\u00e1g\u00e1t. A legjobb eredm\u00e9ny \u00e9rdek\u00e9ben aj\u00e1nlatos egy k\u00f6nny\u0171 \u00e9telt elfogyasztani a Lovegra bev\u00e9tele el\u0151tt. K\u00f6nnyen em\u00e9szthet\u0151 \u00e9telek, p\u00e9ld\u00e1ul sal\u00e1t\u00e1k vagy kis adagok sov\u00e1ny feh\u00e9rj\u00e9k aj\u00e1nlottak.<\/p>\n<p>M\u00e1sr\u00e9szt a Lovegra \u00e9hgyomorra t\u00f6rt\u00e9n\u0151 bev\u00e9tele n\u00e9ha gyorsabb felsz\u00edv\u00f3d\u00e1shoz vezethet, de ez n\u00f6velheti a mell\u00e9khat\u00e1sok el\u0151fordul\u00e1s\u00e1nak val\u00f3sz\u00edn\u0171s\u00e9g\u00e9t is. A m\u00e9rs\u00e9kelt \u00e9tkez\u00e9s kiegyens\u00falyoz\u00e1sa kulcsfontoss\u00e1g\u00fa a k\u00edv\u00e1nt hat\u00e1sok fenntart\u00e1s\u00e1hoz, mik\u00f6zben minimaliz\u00e1lja a k\u00e9nyelmetlens\u00e9get. Ha odafigyel\u00fcnk arra, hogy a szervezet hogyan reag\u00e1l a k\u00fcl\u00f6nb\u00f6z\u0151 m\u00e9ret\u0171 \u00e9tkez\u00e9sekre, akkor a Lovegra haszn\u00e1latakor a szem\u00e9lyes \u00e9trendet v\u00e1lasztjuk.<\/p>\n<h2>Az alkohol hat\u00e1sa Lovegra<\/h2>\n<p>Az alkoholfogyaszt\u00e1s gyakori szempont egy romantikus h\u00e9tv\u00e9ge megtervez\u00e9sekor. Az alkohol \u00e9s a Lovegra kombin\u00e1l\u00e1sa azonban vegyes hat\u00e1sokat eredm\u00e9nyezhet. Ismeretes, hogy az alkohol feler\u0151s\u00edti a szildenafil mell\u00e9khat\u00e1sait, p\u00e9ld\u00e1ul sz\u00e9d\u00fcl\u00e9st vagy fejf\u00e1j\u00e1st. A m\u00e9rt\u00e9kletess\u00e9g kulcsfontoss\u00e1g\u00fa; egy poh\u00e1r bor vagy egyetlen kokt\u00e9l nem zavarja jelent\u0151sen, de a t\u00falzott iv\u00e1s megc\u00e1folhatja a Lovegra el\u0151nyeit.<\/p>\n<p>Ezenk\u00edv\u00fcl az alkohol \u00f6nmag\u00e1ban is ronthatja a szexu\u00e1lis teljes\u00edtm\u00e9nyt, ami ellens\u00falyozhatja a Lovegra tervezett hat\u00e1sait. A kisz\u00e1m\u00edthat\u00f3bb \u00e9s kellemesebb \u00e9lm\u00e9ny \u00e9rdek\u00e9ben tan\u00e1csos korl\u00e1tozni az alkoholfogyaszt\u00e1st a gy\u00f3gyszer alkalmaz\u00e1sa sor\u00e1n. Ez biztos\u00edtja, hogy mindk\u00e9t partner teljes m\u00e9rt\u00e9kben \u00e9lvezhesse a h\u00e9tv\u00e9g\u00e9t v\u00e1ratlan bonyodalmak n\u00e9lk\u00fcl.<\/p>\n<h2>Lovegra \u00e9s k\u00f6lcs\u00f6nhat\u00e1sa k\u00fcl\u00f6nb\u00f6z\u0151 \u00e9telekkel<\/h2>\n<p>A Lovegra k\u00fcl\u00f6nb\u00f6z\u0151 \u00e9lelmiszerekkel val\u00f3 k\u00f6lcs\u00f6nhat\u00e1sa befoly\u00e1solhatja a hat\u00e9konys\u00e1g\u00e1t. B\u00e1r a gy\u00f3gyszernek nincsenek jelent\u0151s \u00e9trendi korl\u00e1toz\u00e1sai, bizonyos \u00e9lelmiszerek jobban el\u0151seg\u00edthetik a k\u00edv\u00e1nt hat\u00e1sokat. P\u00e9ld\u00e1ul a magas nitr\u00e1ttartalm\u00fa \u00e9teleket, p\u00e9ld\u00e1ul bizonyos z\u00f6lds\u00e9geket \u00e9s feldolgozott h\u00fasokat \u00f3vatosan kell fogyasztani, mivel ezek k\u00f6lcs\u00f6nhat\u00e1sba l\u00e9phetnek a szildenafillel \u00e9s mell\u00e9khat\u00e1sokat okozhatnak.<\/p>\n<p>Ezzel szemben az antioxid\u00e1nsokban gazdag \u00e9lelmiszerek, mint <a href=\"https:\/\/megbizhatopatika.net\/lovegra-koltseg-veny-nelkul\">https:\/\/megbizhatopatika.net\/lovegra-koltseg-veny-nelkul<\/a> a bogy\u00f3k \u00e9s a s\u00f6t\u00e9t leveles z\u00f6ldek, t\u00e1mogathatj\u00e1k az \u00e1ltal\u00e1nos szexu\u00e1lis eg\u00e9szs\u00e9get \u00e9s kieg\u00e9sz\u00edthetik a Lovegra hat\u00e1sait. Ezeknek a k\u00f6lcs\u00f6nhat\u00e1soknak a meg\u00e9rt\u00e9se seg\u00edt olyan \u00e9tkez\u00e9sek megtervez\u00e9s\u00e9ben, amelyek nem csak jav\u00edtj\u00e1k a gy\u00f3gyszer teljes\u00edtm\u00e9ny\u00e9t, hanem hozz\u00e1j\u00e1rulnak az eg\u00e9szs\u00e9gesebb \u00e9letm\u00f3dhoz is.<\/p>\n<h2>Romantikus h\u00e9tv\u00e9ge tervez\u00e9se Lovegr\u00e1val<\/h2>\n<p>Egy eml\u00e9kezetes h\u00e9tv\u00e9ge elk\u00e9sz\u00edt\u00e9se Lovegr\u00e1val t\u00f6bbet foglal mag\u00e1ban, mint az id\u0151z\u00edt\u00e9s \u00e9s az \u00e9tkez\u00e9s; az intimit\u00e1snak \u00e9s a kapcsolatnak megfelel\u0151 k\u00f6rnyezet megteremt\u00e9s\u00e9r\u0151l sz\u00f3l. Fontolja meg a hangulat megteremt\u00e9s\u00e9t k\u00f6rnyezeti vil\u00e1g\u00edt\u00e1ssal, illatos gyerty\u00e1kkal \u00e9s nyugtat\u00f3 zen\u00e9vel, hogy olyan pihentet\u0151 l\u00e9gk\u00f6rt teremtsen, amely k\u00f6zels\u00e9gre \u00e9s k\u00e9nyelemre \u00f6szt\u00f6n\u00f6z.<\/p>\n<p>Az \u00e9rzelmi kapcsolatot \u00e9p\u00edt\u0151 tev\u00e9kenys\u00e9gek, mint p\u00e9ld\u00e1ul a k\u00f6z\u00f6s \u00e9tkez\u00e9s vagy egy laza s\u00e9ta, megalapozhatj\u00e1k a tartalmasabb \u00e9lm\u00e9nyt. Lovegra integr\u00e1l\u00e1sa egy j\u00f3l megtervezett h\u00e9tv\u00e9g\u00e9be fokozhatja a fizikai \u00e9lvezetet \u00e9s az \u00e9rzelmi k\u00f6t\u0151d\u00e9st, \u00edgy az egy\u00fctt t\u00f6lt\u00f6tt id\u0151 igaz\u00e1n k\u00fcl\u00f6nleges.<\/p>\n<h2>Biztons\u00e1gi tippek a Lovegra haszn\u00e1lat\u00e1hoz<\/h2>\n<p>A Lovegra biztons\u00e1gos haszn\u00e1lat\u00e1nak biztos\u00edt\u00e1sa a legfontosabb a pozit\u00edv \u00e9lm\u00e9nyhez. Mindig tartsa be az el\u0151\u00edrt adagot, \u00e9s ker\u00fclje a gy\u00f3gyszer javasoltn\u00e1l gyakrabban t\u00f6rt\u00e9n\u0151 haszn\u00e1lat\u00e1t. Forduljon eg\u00e9szs\u00e9g\u00fcgyi szolg\u00e1ltat\u00f3hoz, hogy megvitassa azokat a m\u00e1r megl\u00e9v\u0151 \u00e1llapotokat vagy gy\u00f3gyszereket, amelyek negat\u00edv k\u00f6lcs\u00f6nhat\u00e1sba l\u00e9phetnek a Lovegr\u00e1val.<\/p>\n<p>Legyen tiszt\u00e1ban a lehets\u00e9ges mell\u00e9khat\u00e1sokkal, \u00e9s k\u00e9sz\u00edtsen tervet a mell\u00e9khat\u00e1sok kezel\u00e9s\u00e9re. A gyakori mell\u00e9khat\u00e1sok k\u00f6z\u00e9 tartozik a sz\u00e9d\u00fcl\u00e9s, kipirul\u00e1s vagy fejf\u00e1j\u00e1s, amelyek \u00e1ltal\u00e1ban magukt\u00f3l elm\u00falnak. Ha azonban s\u00falyos reakci\u00f3k l\u00e9pnek fel, mint p\u00e9ld\u00e1ul mellkasi f\u00e1jdalom vagy allergi\u00e1s reakci\u00f3, azonnal forduljon orvoshoz.<\/p>\n<h2>Lovegra adagol\u00e1si aj\u00e1nl\u00e1sok<\/h2>\n<p>A Lovegra szok\u00e1sos adagja \u00e1ltal\u00e1ban 100 mg naponta egyszer, de ez v\u00e1ltozhat az egy\u00e9ni sz\u00fcks\u00e9gletek \u00e9s orvosi javaslatok f\u00fcggv\u00e9ny\u00e9ben. Kulcsfontoss\u00e1g\u00fa, hogy ne l\u00e9pje t\u00fal az el\u0151\u00edrt adagot, mivel ez n\u00f6velheti a mell\u00e9khat\u00e1sok kock\u00e1zat\u00e1t an\u00e9lk\u00fcl, hogy n\u00f6veln\u00e9 a gy\u00f3gyszer hat\u00e9konys\u00e1g\u00e1t.<\/p>\n<p>Ha a standard adagot t\u00fal er\u0151snek vagy t\u00fal gyeng\u00e9nek tal\u00e1lja, forduljon eg\u00e9szs\u00e9g\u00fcgyi szolg\u00e1ltat\u00f3hoz az adag megfelel\u0151 be\u00e1ll\u00edt\u00e1s\u00e1hoz. Az adagol\u00e1s szem\u00e9lyre szabott eg\u00e9szs\u00e9g\u00fcgyi sz\u00fcks\u00e9gleteihez \u00e9s a gy\u00f3gyszerre adott v\u00e1laszhoz val\u00f3 igaz\u00edt\u00e1sa biztos\u00edtja, hogy a legt\u00f6bbet hozza ki a Lovegr\u00e1b\u00f3l a biztons\u00e1g meg\u0151rz\u00e9se mellett.<\/p>\n<h2>Lovegra: Mire sz\u00e1m\u00edthatunk a h\u00e9tv\u00e9g\u00e9n<\/h2>\n<p>Egy h\u00e9tv\u00e9ge sor\u00e1n a Lovegra fokozhatja a szexu\u00e1lis \u00e9lvezetet \u00e9s az intimit\u00e1st, teljesebb \u00e9s kiel\u00e9g\u00edt\u0151bb \u00e9lm\u00e9nyt k\u00edn\u00e1lva. B\u00e1r a fizikai \u00e9rz\u00e9sek fokoz\u00f3dhatnak, az \u00e9rzelmi k\u00f6zels\u00e9g \u00e9s a kommunik\u00e1ci\u00f3 tov\u00e1bbra is a sikeres romantikus kiruccan\u00e1s kulcsfontoss\u00e1g\u00fa elemei maradnak.<\/p>\n<p>Sz\u00e1m\u00edtson r\u00e1, hogy fizikailag fog\u00e9konyabbnak \u00e9rzi mag\u00e1t, \u00e9s k\u00e9szen \u00e1ll a szexu\u00e1lis tev\u00e9kenys\u00e9gre, de k\u00e9sz\u00fclj\u00f6n fel a lehets\u00e9ges mell\u00e9khat\u00e1sokra is. A re\u00e1lis elv\u00e1r\u00e1sok biztos\u00edtj\u00e1k, hogy minden meglepet\u00e9s kellemes legyen, \u00e9s mindk\u00e9t partner a lehet\u0151 legteljesebb m\u00e9rt\u00e9kben \u00e9lvezhesse a Lovegra el\u0151nyeit.<\/p>\n<h2>A Lovegra kombin\u00e1l\u00e1sa m\u00e1s gy\u00f3gyszerekkel<\/h2>\n<p>Miel\u0151tt a Lovegra-t m\u00e1s gy\u00f3gyszerekkel kombin\u00e1ln\u00e1, fontos, hogy konzult\u00e1ljon egy eg\u00e9szs\u00e9g\u00fcgyi szolg\u00e1ltat\u00f3val. Bizonyos gy\u00f3gyszerek, k\u00fcl\u00f6n\u00f6sen a nitr\u00e1tokat tartalmaz\u00f3 vagy a magas v\u00e9rnyom\u00e1s kezel\u00e9s\u00e9re haszn\u00e1lt gy\u00f3gyszerek vesz\u00e9lyes k\u00f6lcs\u00f6nhat\u00e1st v\u00e1lthatnak ki a szildenafillal. A jelenlegi gy\u00f3gyszerek alapos \u00e1ttekint\u00e9se megel\u0151zheti az el\u0151re nem l\u00e1that\u00f3 sz\u00f6v\u0151dm\u00e9nyeket.<\/p>\n<p>A v\u00e9ny n\u00e9lk\u00fcl kaphat\u00f3 \u00e9trend-kieg\u00e9sz\u00edt\u0151ket \u00e9s gy\u00f3gyn\u00f6v\u00e9nyk\u00e9sz\u00edtm\u00e9nyeket is meg kell besz\u00e9lni orvos\u00e1val a kompatibilit\u00e1s biztos\u00edt\u00e1sa \u00e9rdek\u00e9ben. Proakt\u00edv int\u00e9zked\u00e9sek megt\u00e9tel\u00e9vel a felhaszn\u00e1l\u00f3k biztons\u00e1gosan integr\u00e1lhatj\u00e1k a Lovegra-t a rutinjukba an\u00e9lk\u00fcl, hogy az eg\u00e9szs\u00e9g\u00fcket vesz\u00e9lyeztetn\u00e9k.<\/p>\n<h2>Lovegra: M\u00edtoszok \u00e9s t\u00e9nyek<\/h2>\n<p>Sok m\u00edtosz kering a Lovegra k\u00f6r\u00fcl, mint p\u00e9ld\u00e1ul az a hiedelem, hogy afrodizi\u00e1kumk\u00e9nt m\u0171k\u00f6dik, vagy azonnali izgalom\u00e9rt. A val\u00f3s\u00e1gban Lovegra fokozza a fizikai felk\u00e9sz\u00fclts\u00e9get, de nem kelt szexu\u00e1lis v\u00e1gyat; pszichol\u00f3giai \u00e9s \u00e9rzelmi t\u00e9nyez\u0151k tov\u00e1bbra is kulcsfontoss\u00e1g\u00faak.<\/p>\n<p>Egy m\u00e1sik gyakori t\u00e9vhit az, hogy a Lovegra minden n\u0151 sz\u00e1m\u00e1ra megfelel\u0151. Az igazs\u00e1g az, hogy azok sz\u00e1m\u00e1ra k\u00e9sz\u00fclt, akik bizonyos szexu\u00e1lis zavarokat tapasztalnak, \u00e9s nem biztos, hogy mindenki sz\u00e1m\u00e1ra megfelel\u0151. A t\u00e9nyek meg\u00e9rt\u00e9se seg\u00edt eloszlatni a m\u00edtoszokat, \u00e9s re\u00e1lis elv\u00e1r\u00e1sokat t\u00e1maszt.<\/p>\n<h2>Lovegra \u00e9s hat\u00e1sa a hangulatra \u00e9s a relax\u00e1ci\u00f3ra<\/h2>\n<p>M\u00edg a Lovegra els\u0151sorban a szexu\u00e1lis izgalom fizikai aspektusait c\u00e9lozza meg, haszn\u00e1lata k\u00f6zvetetten befoly\u00e1solhatja a hangulatot \u00e9s a relax\u00e1ci\u00f3t. Ha tudjuk, hogy megb\u00edzhat\u00f3 seg\u00edts\u00e9g \u00e1ll rendelkez\u00e9sre, az cs\u00f6kkentheti a szorong\u00e1st \u00e9s a stresszt, ami nyugodtabb \u00e9s \u00e9lvezetesebb \u00e9lm\u00e9nyhez vezet.<\/p>\n<p>A jobb szexu\u00e1lis el\u00e9gedetts\u00e9g pszichol\u00f3giai el\u0151nyei hozz\u00e1j\u00e1rulhatnak az \u00e1ltal\u00e1nos j\u00f3l\u00e9thez, jav\u00edthatj\u00e1k a hangulatot \u00e9s el\u0151seg\u00edthetik a pozit\u00edv gondolkod\u00e1sm\u00f3dot. Ez a holisztikus hat\u00e1s teszi a Lovegr\u00e1t potenci\u00e1lisan \u00e9rt\u00e9kes eszk\u00f6zz\u00e9 az intimit\u00e1s fizikai \u00e9s \u00e9rzelmi aspektusainak jav\u00edt\u00e1s\u00e1ra.<\/p>\n<h2>A Lovegra-mell\u00e9khat\u00e1sok kezel\u00e9se<\/h2>\n<p>A Lovegra mell\u00e9khat\u00e1sai \u00e1ltal\u00e1ban enyh\u00e9k \u00e9s \u00e1tmenetiek, de a kezel\u00e9sre val\u00f3 felk\u00e9sz\u00fcl\u00e9s fokozhatja az \u00e9lm\u00e9nyt. A gyakori mell\u00e9khat\u00e1sok k\u00f6z\u00e9 tartozik a kipirul\u00e1s, a fejf\u00e1j\u00e1s \u00e9s a sz\u00e9d\u00fcl\u00e9s, amelyek \u00e1ltal\u00e1ban beavatkoz\u00e1s n\u00e9lk\u00fcl megsz\u0171nnek. A hidrat\u00e1lts\u00e1g \u00e9s a pihen\u00e9s enyh\u00edtheti ezeket a t\u00fcneteket.<\/p>\n<p>Ritka esetekben s\u00falyosabb mell\u00e9khat\u00e1sok is el\u0151fordulhatnak, p\u00e9ld\u00e1ul l\u00e1t\u00e1sv\u00e1ltoz\u00e1sok vagy szab\u00e1lytalan sz\u00edvver\u00e9s. Rendk\u00edv\u00fcl fontos, hogy orvoshoz forduljon, ha ezek felmer\u00fclnek. A mell\u00e9khat\u00e1sokkal kapcsolatos t\u00e1j\u00e9kozotts\u00e1g \u00e9s proakt\u00edvs\u00e1g biztos\u00edtja, hogy a Lovegra haszn\u00e1lata pozit\u00edv \u00e9lm\u00e9ny maradjon.<\/p>\n<h2>Lovegra: Az intimit\u00e1s \u00e9s a kapcsolat fokoz\u00e1sa<\/h2>\n<p>A Lovegra nemcsak fizikai el\u0151ny\u00f6ket k\u00edn\u00e1l; er\u0151s\u00edtheti a partnerek k\u00f6z\u00f6tti intimit\u00e1st \u00e9s \u00e9rzelmi kapcsolatot. A szexu\u00e1lis el\u00e9gedetts\u00e9g fizikai akad\u00e1lyainak felold\u00e1s\u00e1val lehet\u0151v\u00e9 teszi a p\u00e1rok sz\u00e1m\u00e1ra, hogy az egy\u00fctt t\u00f6lt\u00f6tt id\u0151 \u00e9rzelmi \u00e9s kapcsolati vonatkoz\u00e1saira \u00f6sszpontos\u00edtsanak.<\/p>\n<p>Az intimit\u00e1s kialak\u00edt\u00e1sa nyitott kommunik\u00e1ci\u00f3t \u00e9s k\u00f6lcs\u00f6n\u00f6s meg\u00e9rt\u00e9st ig\u00e9nyel, mindkett\u0151t el\u0151seg\u00edtheti a Lovegra \u00e1ltal ny\u00fajtott jobb szexu\u00e1lis \u00e9lm\u00e9ny. Legyen sz\u00f3 a szenved\u00e9ly \u00fajra\u00e9leszt\u00e9s\u00e9r\u0151l egy hossz\u00fa t\u00e1v\u00fa kapcsolatban, vagy \u00faj m\u00e9lys\u00e9gek felfedez\u00e9s\u00e9r\u0151l egy partnerrel, Lovegra \u00e9rt\u00e9kes sz\u00f6vets\u00e9gese lehet az intimit\u00e1s fokoz\u00e1s\u00e1ban.<\/p>\n<h2>Szak\u00e9rt\u0151i tippek egy eml\u00e9kezetes h\u00e9tv\u00e9g\u00e9hez Lovegr\u00e1val<\/h2>\n<p>Ha a legt\u00f6bbet szeretn\u00e9 kihozni a Lovegr\u00e1val t\u00f6lt\u00f6tt h\u00e9tv\u00e9g\u00e9b\u0151l, k\u00f6vesse n\u00e9h\u00e1ny szak\u00e9rt\u0151i tippet. Kezdje azzal, hogy vil\u00e1gos kommunik\u00e1ci\u00f3t alak\u00edt ki partner\u00e9vel az elv\u00e1r\u00e1sair\u00f3l \u00e9s v\u00e1gyair\u00f3l. Ez megalapozza a nyitott \u00e9s teljes \u00e9lm\u00e9nyt.<\/p>\n<p>Tervezzen olyan tev\u00e9kenys\u00e9geket, amelyek el\u0151seg\u00edtik a kikapcsol\u00f3d\u00e1st \u00e9s a kapcsolatot, p\u00e9ld\u00e1ul egy f\u00fcrd\u0151napot vagy egy romantikus vacsor\u00e1t. Egyens\u00falyozza az intimit\u00e1st a szabadid\u0151vel, hogy teljes k\u00f6r\u0171 \u00e9lm\u00e9nyben legyen r\u00e9sze. V\u00e9gezet\u00fcl figyeljetek egym\u00e1s ig\u00e9nyeire, \u00e9s reag\u00e1ljanak minden olyan be\u00e1ll\u00edt\u00e1sra, amely fokozhatja a k\u00e9nyelmet \u00e9s az \u00e9lvezetet.<\/p>\n<p>Ha sz\u00e1nd\u00e9kosan \u00e9s odafigyel\u00e9ssel k\u00f6zel\u00edti meg a h\u00e9tv\u00e9g\u00e9t, Lovegra nemcsak egy eml\u00e9kezetes \u00e9lm\u00e9nyt, hanem egy m\u00e9lyebb kapcsolatot is el\u0151seg\u00edthet partner\u00e9vel.<\/p>\n","protected":false},"excerpt":{"rendered":"<p>H\u00e9tv\u00e9gi tervez\u00e9s Lovegr\u00e1val: id\u0151z\u00edt\u00e9s, \u00e9tkez\u00e9s \u00e9s alkohol A Lovegra egy h\u00e9tv\u00e9gi haszn\u00e1lat\u00e1nak \u00e1rnyalatainak felfedez\u00e9se, bele\u00e9rtve a d\u00f6nt\u0151 id\u0151z\u00edt\u00e9st, az \u00e9tkez\u00e9sek p\u00e1ros\u00edt\u00e1s\u00e1t \u00e9s az alkohol hat\u00e1sait. A Lovegra \u00e9s haszn\u00e1lat\u00e1nak meg\u00e9rt\u00e9se Lovegra, amelyet gyakran a &quot;n\u0151i Viagra,&quot; egy olyan gy\u00f3gyszer, amelyet a n\u0151k szexu\u00e1lis izgalm\u00e1nak fokoz\u00e1s\u00e1ra terveztek. Hat\u00f3anyaga, a szildenafil-citr\u00e1t ugyanaz a vegy\u00fclet, amely a Viagr\u00e1ban [&hellip;]<\/p>\n","protected":false},"author":1,"featured_media":0,"parent":0,"menu_order":0,"comment_status":"closed","ping_status":"closed","template":"","meta":{"footnotes":""},"class_list":["post-265519","page","type-page","status-publish","hentry"],"_links":{"self":[{"href":"http:\/\/taixiumd5.lol\/index.php\/wp-json\/wp\/v2\/pages\/265519","targetHints":{"allow":["GET"]}}],"collection":[{"href":"http:\/\/taixiumd5.lol\/index.php\/wp-json\/wp\/v2\/pages"}],"about":[{"href":"http:\/\/taixiumd5.lol\/index.php\/wp-json\/wp\/v2\/types\/page"}],"author":[{"embeddable":true,"href":"http:\/\/taixiumd5.lol\/index.php\/wp-json\/wp\/v2\/users\/1"}],"replies":[{"embeddable":true,"href":"http:\/\/taixiumd5.lol\/index.php\/wp-json\/wp\/v2\/comments?post=265519"}],"version-history":[{"count":1,"href":"http:\/\/taixiumd5.lol\/index.php\/wp-json\/wp\/v2\/pages\/265519\/revisions"}],"predecessor-version":[{"id":265520,"href":"http:\/\/taixiumd5.lol\/index.php\/wp-json\/wp\/v2\/pages\/265519\/revisions\/265520"}],"wp:attachment":[{"href":"http:\/\/taixiumd5.lol\/index.php\/wp-json\/wp\/v2\/media?parent=265519"}],"curies":[{"name":"wp","href":"https:\/\/api.w.org\/{rel}","templated":true}]}}