{"id":265747,"date":"2026-05-04T16:19:09","date_gmt":"2026-05-04T16:19:09","guid":{"rendered":"http:\/\/taixiumd5.lol\/?page_id=265747"},"modified":"2026-05-04T16:19:09","modified_gmt":"2026-05-04T16:19:09","slug":"role-ledvin-v-metabolismu-leku","status":"publish","type":"page","link":"http:\/\/taixiumd5.lol\/index.php\/role-ledvin-v-metabolismu-leku\/","title":{"rendered":"Role ledvin v metabolismu l\u00e9k\u016f"},"content":{"rendered":"<h1>Zyrtec Generic s probl\u00e9my s ledvinami: pokyny<\/h1>\n<p>Zkoum\u00e1n\u00ed d\u016fsledk\u016f pou\u017e\u00edv\u00e1n\u00ed Zyrtec Generic pro jednotlivce s probl\u00e9my s ledvinami a poskytov\u00e1n\u00ed pokyn\u016f pro bezpe\u010dnou a \u00fa\u010dinnou l\u00e9\u010dbu alergi\u00ed.<\/p>\n<h2>Pochopen\u00ed Zyrtec Generic a jeho pou\u017eit\u00ed<\/h2>\n<p>Zyrtec Generic, v\u011bdecky zn\u00e1m\u00fd jako cetirizin, je popul\u00e1rn\u00ed antihistaminikum pou\u017e\u00edvan\u00e9 ke zm\u00edrn\u011bn\u00ed p\u0159\u00edznak\u016f alergie, jako je k\u00fdch\u00e1n\u00ed, r\u00fdma, sv\u011bd\u011bn\u00ed nebo slzen\u00ed o\u010d\u00ed a sv\u011bd\u011bn\u00ed krku nebo nosu. \u010casto se p\u0159edepisuje jak pro sez\u00f3nn\u00ed alergie, jako je senn\u00e1 r\u00fdma, tak pro celoro\u010dn\u00ed alergie, kter\u00e9 se vyskytuj\u00ed celoro\u010dn\u011b. Jeho p\u0159ita\u017elivost spo\u010d\u00edv\u00e1 v jeho \u00fa\u010dinnosti a skute\u010dnosti, \u017ee obvykle zp\u016fsobuje men\u0161\u00ed ospalost ve srovn\u00e1n\u00ed s jin\u00fdmi antihistaminiky.<\/p>\n<p>Cetirizin p\u016fsob\u00ed tak, \u017ee blokuje \u00fa\u010dinek histaminu, l\u00e1tky v t\u011ble, kter\u00e1 zp\u016fsobuje alergick\u00e9 p\u0159\u00edznaky. Je k dispozici na p\u0159ep\u00e1\u017ece a je vhodnou volbou pro mnoho lid\u00ed, kte\u0159\u00ed hledaj\u00ed \u00falevu od alergi\u00ed. Nicm\u00e9n\u011b, stejn\u011b jako v\u0161echny l\u00e9ky, je d\u016fle\u017eit\u00e9 zv\u00e1\u017eit, jak interaguje s individu\u00e1ln\u00edmi zdravotn\u00edmi stavy, zejm\u00e9na t\u011bmi, kter\u00e9 ovliv\u0148uj\u00ed metabolismus a vylu\u010dov\u00e1n\u00ed l\u00e9k\u016f.<\/p>\n<h2>Jak Zyrtec Generic ovliv\u0148uje t\u011blo<\/h2>\n<p>Prim\u00e1rn\u00ed funkc\u00ed Zyrtec Generic je zm\u00edrnit alergickou reakci t\u011bla. Inhibic\u00ed histaminov\u00fdch receptor\u016f sni\u017euje p\u0159\u00edznaky spojen\u00e9 s alergick\u00fdmi reakcemi. I kdy\u017e je \u00fa\u010dinn\u00fd p\u0159i \u0159e\u0161en\u00ed b\u011b\u017en\u00fdch p\u0159\u00edznak\u016f alergie, m\u016f\u017ee m\u00edt tak\u00e9 vedlej\u0161\u00ed \u00fa\u010dinky, jako je sucho v \u00fastech, z\u00e1vrat\u011b a \u00fanava. Pro v\u011bt\u0161inu lid\u00ed jsou tyto ne\u017e\u00e1douc\u00ed \u00fa\u010dinky m\u00edrn\u00e9 a zvl\u00e1dnuteln\u00e9, ale u ur\u010dit\u00fdch skupin mohou b\u00fdt v\u00fdrazn\u011bj\u0161\u00ed.<\/p>\n<p>V\u00edce ne\u017e jen zm\u00edrn\u011bn\u00ed p\u0159\u00edznak\u016f, cetirizin ovliv\u0148uje centr\u00e1ln\u00ed nervov\u00fd syst\u00e9m minim\u00e1ln\u011b ve srovn\u00e1n\u00ed s jin\u00fdmi antihistaminiky, tak\u017ee je preferovanou volbou pro ty, kte\u0159\u00ed pot\u0159ebuj\u00ed z\u016fstat ve st\u0159ehu, jako jsou \u0159idi\u010di a studenti. Jeho dopad na organismus se v\u0161ak m\u016f\u017ee li\u0161it v z\u00e1vislosti na individu\u00e1ln\u00edch zdravotn\u00edch faktorech, v\u010detn\u011b funkce ledvin, kter\u00e9 hraj\u00ed z\u00e1sadn\u00ed roli v metabolismu a eliminaci l\u00e9k\u016f.<\/p>\n<h2>Role ledvin v metabolismu l\u00e9k\u016f<\/h2>\n<p>Ledviny jsou \u017eivotn\u011b d\u016fle\u017eit\u00e9 org\u00e1ny, kter\u00e9 hraj\u00ed kl\u00ed\u010dovou roli p\u0159i filtrov\u00e1n\u00ed odpadn\u00edch l\u00e1tek z krve a jejich vylu\u010dov\u00e1n\u00ed mo\u010d\u00ed. Pod\u00edlej\u00ed se tak\u00e9 na metabolismu a eliminaci mnoha l\u00e9k\u016f, v\u010detn\u011b antihistaminik, jako je Zyrtec Generic. Spr\u00e1vn\u00e1 funkce ledvin zaji\u0161\u0165uje, \u017ee se l\u00e9ky a jejich metabolity nehromad\u00ed v t\u011ble na toxickou \u00farove\u0148.<\/p>\n<p>U jedinc\u016f s naru\u0161enou funkc\u00ed ledvin m\u016f\u017ee b\u00fdt schopnost \u00fa\u010dinn\u011b vylu\u010dovat l\u00e9ky v\u00fdznamn\u011b naru\u0161ena. To m\u016f\u017ee v\u00e9st ke zv\u00fd\u0161en\u00ed hladiny l\u00e9ku v krvi, \u010d\u00edm\u017e se zvy\u0161uje riziko ne\u017e\u00e1douc\u00edch \u00fa\u010dink\u016f. Pochopen\u00ed role ledvin v metabolismu l\u00e9k\u016f je z\u00e1sadn\u00ed pro bezpe\u010dn\u00e9 \u0159\u00edzen\u00ed u\u017e\u00edv\u00e1n\u00ed l\u00e9k\u016f u pacient\u016f s ledvinov\u00fdmi probl\u00e9my.<\/p>\n<h2>Potenci\u00e1ln\u00ed rizika Zyrtec Generic pro pacienty s ledvinami<\/h2>\n<p>U pacient\u016f s probl\u00e9my s ledvinami s sebou u\u017e\u00edv\u00e1n\u00ed Zyrtec Generic p\u0159in\u00e1\u0161\u00ed ur\u010dit\u00e1 rizika. Sn\u00ed\u017een\u00e1 funkce ledvin m\u016f\u017ee v\u00e9st k pomalej\u0161\u00ed clearance cetirizinu, co\u017e m\u016f\u017ee m\u00edt za n\u00e1sledek vy\u0161\u0161\u00ed koncentrace v krevn\u00edm \u0159e\u010di\u0161ti. To m\u016f\u017ee zv\u00fd\u0161it pravd\u011bpodobnost v\u00fdskytu vedlej\u0161\u00edch \u00fa\u010dink\u016f nebo ne\u017e\u00e1douc\u00edch reakc\u00ed.<\/p>\n<p>Pacienti s onemocn\u011bn\u00edm ledvin mohou b\u00fdt nav\u00edc n\u00e1chyln\u011bj\u0161\u00ed k n\u011bkter\u00fdm vedlej\u0161\u00edm \u00fa\u010dink\u016fm, jako je ospalost a z\u00e1vrat\u011b, kter\u00e9 mohou zhor\u0161it st\u00e1vaj\u00edc\u00ed zdravotn\u00ed probl\u00e9my. Je kl\u00ed\u010dov\u00e9, aby si tito jedinci byli v\u011bdomi t\u011bchto rizik a zvl\u00e1dali sv\u00e9 l\u00e9ky pod veden\u00edm zdravotnick\u00e9ho pracovn\u00edka.<\/p>\n<h2>\u00dapravy d\u00e1vkov\u00e1n\u00ed pro pacienty s probl\u00e9my s ledvinami<\/h2>\n<p>U pacient\u016f s po\u0161kozen\u00edm ledvin poskytovatel\u00e9 zdravotn\u00ed p\u00e9\u010de \u010dasto doporu\u010duj\u00ed \u00fapravy d\u00e1vkov\u00e1n\u00ed, aby byla zaji\u0161t\u011bna bezpe\u010dnost a \u00fa\u010dinnost. Typicky je d\u00e1vka Zyrtec Generic sn\u00ed\u017eena u pacient\u016f se st\u0159edn\u011b z\u00e1va\u017en\u00fdm a\u017e z\u00e1va\u017en\u00fdm onemocn\u011bn\u00edm ledvin, aby se zabr\u00e1nilo akumulaci l\u00e9ku a minimalizovaly se vedlej\u0161\u00ed \u00fa\u010dinky.<\/p>\n<p>Poskytovatel\u00e9 zdravotn\u00ed p\u00e9\u010de mohou <a href=\"https:\/\/lekarna-expres.cz\/genericky-zyrtec-cena-online-bez-predpisu\">https:\/\/lekarna-expres.cz\/genericky-zyrtec-cena-online-bez-predpisu<\/a> tak\u00e9 doporu\u010dit \u010dast\u011bj\u0161\u00ed sledov\u00e1n\u00ed test\u016f funkce ledvin, aby bylo mo\u017en\u00e9 upravit d\u00e1vkov\u00e1n\u00ed podle pot\u0159eby. Tento personalizovan\u00fd p\u0159\u00edstup pom\u00e1h\u00e1 efektivn\u011b zvl\u00e1dat p\u0159\u00edznaky a z\u00e1rove\u0148 chr\u00e1n\u00ed celkov\u00e9 zdrav\u00ed.<\/p>\n<h2>Rozpozn\u00e1n\u00ed p\u0159\u00edznak\u016f ledvinov\u00e9 t\u00edsn\u011b<\/h2>\n<p>Je d\u016fle\u017eit\u00e9, aby pacienti u\u017e\u00edvaj\u00edc\u00ed Zyrtec Generic byli ostra\u017eit\u00ed ohledn\u011b p\u0159\u00edznak\u016f, kter\u00e9 by mohly nazna\u010dovat pot\u00ed\u017ee s ledvinami. P\u0159\u00edznaky jako otoky nohou a kotn\u00edk\u016f, \u00fanava, pot\u00ed\u017ee se soust\u0159ed\u011bn\u00edm a zm\u011bny ve vzorc\u00edch mo\u010den\u00ed mohou nazna\u010dovat probl\u00e9my s ledvinami.<\/p>\n<p>V\u010dasn\u00e9 rozpozn\u00e1n\u00ed t\u011bchto p\u0159\u00edznak\u016f m\u016f\u017ee podn\u00edtit v\u010dasnou l\u00e9ka\u0159skou intervenci a potenci\u00e1ln\u011b p\u0159edej\u00edt dal\u0161\u00edm komplikac\u00edm. Pacienti by m\u011bli neprodlen\u011b hl\u00e1sit jak\u00e9koli nov\u00e9 nebo zhor\u0161uj\u00edc\u00ed se p\u0159\u00edznaky sv\u00e9mu poskytovateli zdravotn\u00ed p\u00e9\u010de.<\/p>\n<h2>Konzultace a monitorov\u00e1n\u00ed pro bezpe\u010dn\u00e9 pou\u017e\u00edv\u00e1n\u00ed<\/h2>\n<p>P\u0159ed zah\u00e1jen\u00edm l\u00e9\u010dby p\u0159\u00edpravkem Zyrtec Generic by se pacienti s probl\u00e9my s ledvinami m\u011bli poradit se sv\u00fdm poskytovatelem zdravotn\u00ed p\u00e9\u010de a probrat svou anamn\u00e9zu a p\u0159\u00edpadn\u00e1 rizika. Pravideln\u00e9 sledov\u00e1n\u00ed funkce ledvin prost\u0159ednictv\u00edm krevn\u00edch test\u016f m\u016f\u017ee pomoci zajistit, \u017ee l\u00e9k je pou\u017e\u00edv\u00e1n bezpe\u010dn\u011b a efektivn\u011b.<\/p>\n<p>Pr\u016fb\u011b\u017en\u00e9 konzultace umo\u017e\u0148uj\u00ed v p\u0159\u00edpad\u011b pot\u0159eby upravit d\u00e1vkov\u00e1n\u00ed nebo p\u0159ej\u00edt na alternativn\u00ed l\u00e9\u010dbu, \u010d\u00edm\u017e je zaji\u0161t\u011bna rovnov\u00e1ha mezi \u00falevou od alergie a zdrav\u00edm ledvin.<\/p>\n<h2>Alternativy ke generiku Zyrtec pro pacienty s ledvinami<\/h2>\n<p>Pro n\u011bkter\u00e9 pacienty m\u016f\u017ee b\u00fdt vhodn\u011bj\u0161\u00ed alternativn\u00ed l\u00e9\u010dba. Nedrogov\u00e9 p\u0159\u00edstupy, jako je vyh\u00fdb\u00e1n\u00ed se alergen\u016fm, pou\u017e\u00edv\u00e1n\u00ed soln\u00fdch nosn\u00edch sprej\u016f nebo pou\u017e\u00edv\u00e1n\u00ed \u010disti\u010dek vzduchu, mohou pomoci zvl\u00e1dnout p\u0159\u00edznaky bez pot\u0159eby l\u00e9k\u016f.<\/p>\n<p>V p\u0159\u00edpadech, kdy je nutn\u00e1 medikace, mohou poskytovatel\u00e9 zdravotn\u00ed p\u00e9\u010de navrhnout jin\u00e1 antihistaminika, kter\u00e1 se metabolizuj\u00ed jinak nebo maj\u00ed sn\u00ed\u017een\u00fd dopad na funkci ledvin. P\u0159i volb\u011b l\u00e9\u010dby by se m\u011bly \u0159\u00eddit pot\u0159eby a okolnosti ka\u017ed\u00e9ho pacienta.<\/p>\n<h2>\u00dapravy \u017eivotn\u00edho stylu pro zvl\u00e1d\u00e1n\u00ed alergi\u00ed<\/h2>\n<p>Zm\u011bny \u017eivotn\u00edho stylu mohou b\u00fdt n\u00e1pomocn\u00e9 p\u0159i zvl\u00e1d\u00e1n\u00ed alergi\u00ed, zejm\u00e9na u t\u011bch, kte\u0159\u00ed maj\u00ed probl\u00e9my s ledvinami. Sn\u00ed\u017een\u00ed expozice alergen\u016fm prost\u0159ednictv\u00edm pravideln\u00e9ho \u010di\u0161t\u011bn\u00ed, pou\u017e\u00edv\u00e1n\u00ed alergenn\u00ed podest\u00fdlky a udr\u017eov\u00e1n\u00ed prost\u0159ed\u00ed bez dom\u00e1c\u00edch mazl\u00ed\u010dk\u016f m\u016f\u017ee v\u00fdrazn\u011b zm\u00edrnit p\u0159\u00edznaky.<\/p>\n<p>Nav\u00edc za\u010dlen\u011bn\u00ed vyv\u00e1\u017een\u00e9 stravy bohat\u00e9 na protiz\u00e1n\u011btliv\u00e9 potraviny a udr\u017een\u00ed hydratace m\u016f\u017ee podpo\u0159it celkov\u00e9 zdrav\u00ed a zlep\u0161it odolnost t\u011bla proti alergick\u00fdm reakc\u00edm.<\/p>\n<h2>Odborn\u00e1 doporu\u010den\u00ed pro bezpe\u010dnou l\u00e9\u010dbu alergi\u00ed<\/h2>\n<p>Odborn\u00edci doporu\u010duj\u00ed komplexn\u00ed p\u0159\u00edstup k l\u00e9\u010db\u011b alergi\u00ed, kter\u00fd kombinuje medikaci, \u00fapravu \u017eivotospr\u00e1vy a pravideln\u00e9 l\u00e9ka\u0159sk\u00e9 konzultace. Pro pacienty s probl\u00e9my s ledvinami to znamen\u00e1 up\u0159ednost\u0148ovat bezpe\u010dnost a p\u0159ij\u00edmat informovan\u00e1 rozhodnut\u00ed na z\u00e1klad\u011b aktu\u00e1ln\u00edho zdravotn\u00edho stavu a c\u00edl\u016f l\u00e9\u010dby.<\/p>\n<p>Poskytovatel\u00e9 zdravotn\u00ed p\u00e9\u010de mohou nab\u00eddnout personalizovan\u00e9 rady a doporu\u010den\u00ed p\u0159izp\u016fsoben\u00e9 individu\u00e1ln\u00edm pot\u0159eb\u00e1m a zajistit, aby byla pou\u017eita nejvhodn\u011bj\u0161\u00ed a nej\u00fa\u010dinn\u011bj\u0161\u00ed strategie \u0159\u00edzen\u00ed alergi\u00ed.<\/p>\n<h2>Zku\u0161enosti pacient\u016f: Zyrtec Generic a zdrav\u00ed ledvin<\/h2>\n<p>Mnoho pacient\u016f s probl\u00e9my s ledvinami \u00fasp\u011b\u0161n\u011b u\u017e\u00edvalo Zyrtec Generic pod l\u00e9ka\u0159sk\u00fdm dohledem. \u010casto uv\u00e1d\u011bj\u00ed \u00falevu od p\u0159\u00edznak\u016f alergie se zvl\u00e1dnuteln\u00fdmi vedlej\u0161\u00edmi \u00fa\u010dinky p\u0159i dodr\u017eov\u00e1n\u00ed p\u0159edepsan\u00fdch d\u00e1vek a monitorovac\u00edch re\u017eim\u016f.<\/p>\n<p>Sd\u00edlen\u00ed zku\u0161enost\u00ed a post\u0159eh\u016f s poskytovateli zdravotn\u00ed p\u00e9\u010de a podp\u016frn\u00fdmi skupinami m\u016f\u017ee poskytnout dal\u0161\u00ed uji\u0161t\u011bn\u00ed a veden\u00ed, co\u017e pacient\u016fm pom\u016f\u017ee c\u00edtit se zmocn\u011bni p\u0159i \u0159\u00edzen\u00ed sv\u00e9ho zdrav\u00ed.<\/p>\n<h2>Nejnov\u011bj\u0161\u00ed v\u00fdzkum antihistaminik a funkce ledvin<\/h2>\n<p>Ned\u00e1vn\u00fd v\u00fdzkum pokra\u010duje ve zkoum\u00e1n\u00ed vztahu mezi antihistaminiky a funkc\u00ed ledvin a sna\u017e\u00ed se l\u00e9pe porozum\u011bt rizik\u016fm a p\u0159\u00ednos\u016fm pro pacienty s onemocn\u011bn\u00edm ledvin. Studie nazna\u010duj\u00ed, \u017ee zat\u00edmco cetirizin je obecn\u011b bezpe\u010dn\u00fd, je t\u0159eba pe\u010dliv\u011b zv\u00e1\u017eit osoby se sn\u00ed\u017eenou funkc\u00ed ledvin.<\/p>\n<p>Prob\u00edhaj\u00edc\u00ed v\u00fdzkum si klade za c\u00edl zp\u0159esnit pokyny pro l\u00e9\u010dbu a vyvinout nov\u00e1 antihistaminika, kter\u00e1 nab\u00edzej\u00ed \u00fa\u010dinnou \u00falevu od alergie s minim\u00e1ln\u00edm dopadem na zdrav\u00ed ledvin.<\/p>\n<h2>Kdy vyhledat l\u00e9ka\u0159skou pomoc p\u0159i probl\u00e9mech s ledvinami<\/h2>\n<p>Pacienti by m\u011bli vyhledat l\u00e9ka\u0159skou pomoc, pokud b\u011bhem u\u017e\u00edv\u00e1n\u00ed p\u0159\u00edpravku Zyrtec Generic zaznamenaj\u00ed jak\u00e9koli nov\u00e9 nebo zhor\u0161uj\u00edc\u00ed se p\u0159\u00edznaky souvisej\u00edc\u00ed s funkc\u00ed ledvin. Rychl\u00e1 konzultace m\u016f\u017ee pomoci v\u010das identifikovat potenci\u00e1ln\u00ed probl\u00e9my a umo\u017enit nezbytn\u00e9 \u00fapravy l\u00e9\u010dby.<\/p>\n<p>Pro pacienty s onemocn\u011bn\u00edm ledvin v anamn\u00e9ze je zvl\u00e1\u0161t\u011b d\u016fle\u017eit\u00e9, aby pravideln\u011b doch\u00e1zeli na kontroly a otev\u0159en\u011b komunikovali se sv\u00fdm poskytovatelem zdravotn\u00ed p\u00e9\u010de o jak\u00fdchkoli obav\u00e1ch.<\/p>\n<h2>Dlouhodob\u00e9 u\u017e\u00edv\u00e1n\u00ed Zyrtec Generic: Co o\u010dek\u00e1vat<\/h2>\n<p>Dlouhodob\u00e9 u\u017e\u00edv\u00e1n\u00ed Zyrtec Generic je obecn\u011b pova\u017eov\u00e1no za bezpe\u010dn\u00e9 pro v\u011bt\u0161inu pacient\u016f, v\u010detn\u011b pacient\u016f s m\u00edrn\u00fdmi a\u017e st\u0159edn\u011b t\u011b\u017ek\u00fdmi alergiemi. Nep\u0159etr\u017eit\u00e9 sledov\u00e1n\u00ed je v\u0161ak z\u00e1sadn\u00ed, aby se zajistilo, \u017ee jak\u00e9koli zm\u011bny zdravotn\u00edho stavu budou okam\u017eit\u011b \u0159e\u0161eny.<\/p>\n<p>Pacienti by si m\u011bli b\u00fdt v\u011bdomi mo\u017enosti rozvoje tolerance v pr\u016fb\u011bhu \u010dasu, co\u017e m\u016f\u017ee vy\u017eadovat \u00fapravu l\u00e9\u010debn\u00e9 strategie. Pravideln\u00e1 kontrola \u00fa\u010dinnosti l\u00e9k\u016f a vedlej\u0161\u00edch \u00fa\u010dink\u016f m\u016f\u017ee pomoci udr\u017eet optim\u00e1ln\u00ed kontrolu alergie.<\/p>\n<h2>Z\u00e1v\u011br: Zvl\u00e1d\u00e1n\u00ed \u00falevy od alergi\u00ed s ohledem na zdrav\u00ed ledvin<\/h2>\n<p>\u00da\u010dinn\u00e1 l\u00e9\u010dba alergi\u00ed a z\u00e1rove\u0148 ochrana zdrav\u00ed ledvin vy\u017eaduje promy\u0161len\u00fd p\u0159\u00edstup, kter\u00fd vyva\u017euje \u00fa\u010dinnost l\u00e9\u010dby s bezpe\u010dnostn\u00edmi hledisky. U pacient\u016f s probl\u00e9my s ledvinami to zahrnuje pochopen\u00ed specifick\u00fdch rizik spojen\u00fdch s Zyrtec Generic, informovan\u00fd v\u00fdb\u011br d\u00e1vkov\u00e1n\u00ed a alternativ a udr\u017eov\u00e1n\u00ed otev\u0159en\u00e9 komunikace s poskytovateli zdravotn\u00ed p\u00e9\u010de. T\u011bmito kroky mohou pacienti dos\u00e1hnout \u00falevy od p\u0159\u00edznak\u016f alergie a z\u00e1rove\u0148 si zachovat celkov\u00e9 zdrav\u00ed a pohodu.<\/p>\n","protected":false},"excerpt":{"rendered":"<p>Zyrtec Generic s probl\u00e9my s ledvinami: pokyny Zkoum\u00e1n\u00ed d\u016fsledk\u016f pou\u017e\u00edv\u00e1n\u00ed Zyrtec Generic pro jednotlivce s probl\u00e9my s ledvinami a poskytov\u00e1n\u00ed pokyn\u016f pro bezpe\u010dnou a \u00fa\u010dinnou l\u00e9\u010dbu alergi\u00ed. Pochopen\u00ed Zyrtec Generic a jeho pou\u017eit\u00ed Zyrtec Generic, v\u011bdecky zn\u00e1m\u00fd jako cetirizin, je popul\u00e1rn\u00ed antihistaminikum pou\u017e\u00edvan\u00e9 ke zm\u00edrn\u011bn\u00ed p\u0159\u00edznak\u016f alergie, jako je k\u00fdch\u00e1n\u00ed, r\u00fdma, sv\u011bd\u011bn\u00ed nebo slzen\u00ed o\u010d\u00ed [&hellip;]<\/p>\n","protected":false},"author":1,"featured_media":0,"parent":0,"menu_order":0,"comment_status":"closed","ping_status":"closed","template":"","meta":{"footnotes":""},"class_list":["post-265747","page","type-page","status-publish","hentry"],"_links":{"self":[{"href":"http:\/\/taixiumd5.lol\/index.php\/wp-json\/wp\/v2\/pages\/265747","targetHints":{"allow":["GET"]}}],"collection":[{"href":"http:\/\/taixiumd5.lol\/index.php\/wp-json\/wp\/v2\/pages"}],"about":[{"href":"http:\/\/taixiumd5.lol\/index.php\/wp-json\/wp\/v2\/types\/page"}],"author":[{"embeddable":true,"href":"http:\/\/taixiumd5.lol\/index.php\/wp-json\/wp\/v2\/users\/1"}],"replies":[{"embeddable":true,"href":"http:\/\/taixiumd5.lol\/index.php\/wp-json\/wp\/v2\/comments?post=265747"}],"version-history":[{"count":1,"href":"http:\/\/taixiumd5.lol\/index.php\/wp-json\/wp\/v2\/pages\/265747\/revisions"}],"predecessor-version":[{"id":265748,"href":"http:\/\/taixiumd5.lol\/index.php\/wp-json\/wp\/v2\/pages\/265747\/revisions\/265748"}],"wp:attachment":[{"href":"http:\/\/taixiumd5.lol\/index.php\/wp-json\/wp\/v2\/media?parent=265747"}],"curies":[{"name":"wp","href":"https:\/\/api.w.org\/{rel}","templated":true}]}}